{"id":2501,"date":"2018-12-03T10:26:33","date_gmt":"2018-12-03T15:26:33","guid":{"rendered":"http:\/\/www.reggiapower.it\/?page_id=2501"},"modified":"2019-02-22T15:47:31","modified_gmt":"2019-02-22T14:47:31","slug":"privacy-policy","status":"publish","type":"page","link":"http:\/\/www.reggiapower.it\/?page_id=2501","title":{"rendered":"Privacy &#038; Policy"},"content":{"rendered":"<p>[vc_row][vc_column][vc_empty_space][vc_column_text]<\/p>\n<h4 style=\"text-align: center;\"><img loading=\"lazy\" class=\"wp-image-2764 aligncenter\" src=\"http:\/\/www.reggiapower.it\/wp-content\/uploads\/2019\/02\/fidal-1-300x203.png\" alt=\"\" width=\"271\" height=\"174\" \/><\/h4>\n<p>&nbsp;<\/p>\n<h4 style=\"text-align: center;\">INFORMATIVA PER IL TRATTAMENTO DEI DATI PERSONALI<\/h4>\n<h4 style=\"text-align: center;\">(ai sensi del regolamento UE n. 679\/2016)<\/h4>\n<p>&nbsp;<\/p>\n<p style=\"text-align: justify;\">&#8220;Gentile Tesserato, con queste righe vogliamo darti le informazioni necessarie affinch\u00e9 tu sappia come sono trattati i tuoi dati personali.<\/p>\n<p><strong>Il titolare del trattamento<\/strong> \u00e8 la Federazione Italiana di Atletica Leggera, sita in Viale Flaminia Nuova n\u00b0 830 \u2013 00191 \u2013 Roma, che puoi contattare tramite la casella di posta elettronica: <a href=\"mailto:privacy@fidal.it\">privacy@fidal.it<\/a>. Il trattamento dei tuoi dati personali, che hai comunicato e che abbiamo acquisito, \u00e8 mirato unicamente alla realizzazione delle finalit\u00e0 istituzionali promosse dalla Federazione: promuovere, organizzare, disciplinare e diffondere la pratica dell\u2019atletica leggera; promuove, altres\u00ec, ogni attivit\u00e0 di formazione, nonch\u00e9 le attivit\u00e0 di ricerca scientifica applicate all&#8217;atletica leggera;<\/p>\n<p>I tuoi dati saranno trattati in modo lecito e secondo correttezza, come stabilito dal Regolamento Europeo UE n. 679\/2016 e dal D.Lgs 196\/2003 cosi come adeguato dal D.Lgs. 101\/2018 in tema di protezione dei dati personali. Il conferimento dei tuoi dati personali \u00e8 obbligatorio ai fini della partecipazione alle attivit\u00e0 di Fidal. L\u2019eventuale rifiuto comporterebbe l\u2019impossibilit\u00e0 di partecipare alle attivit\u00e0 della Federazione. Una volta tesserato, sarai soggetto ad obblighi di legge e regolamentari, nazionali ed internazionali ai quali non potrai sottrarti.<\/p>\n<p>Il trattamento dei tuoi dati personali \u00e8 svolto dal Titolare e dalle persone da Lui autorizzate. I tuoi dati possono essere comunicati al CONI, IAAF, EA, EMA, CIO, ed altri enti pubblici. I tuoi dati sono inoltre comunicati agli organi di giustizia sportiva nazionale ed internazionale. Laddove si rendesse necessaria, la <strong>comunicazione dei tuoi dati<\/strong> potr\u00e0 essere effettuata a soggetti terzi che forniscono a FIDAL dei servizi collaterali e strumentali.<\/p>\n<p>Per diritto di cronaca e documentazione delle attivit\u00e0 sportive, i tuoi dati potranno essere pubblicati con i mezzi che la federazione riterr\u00e0 pi\u00f9 opportuni; la <strong>diffusione dei dati<\/strong> avverr\u00e0 nei limiti dell\u2019essenzialit\u00e0 nell\u2019 informazione (principio di essenzialit\u00e0) riguardo a fatti di interesse pubblico.<\/p>\n<p>Il Titolare tratter\u00e0 i tuoi dati personali per tutta la durata del tesseramento, per il tempo necessario ad adempiere alle finalit\u00e0 di cui sopra e successivamente per archiviazione a fini storici e statistici. I dati personali possono essere <strong>trasferiti<\/strong> verso Paesi dell\u2019Unione Europea e verso Paesi terzi per il conseguimento delle finalit\u00e0 istituzionali.<\/p>\n<p>In ogni momento potrai <strong>esercitare i diritti<\/strong> contemplati dalle normative vigenti in tema di Protezione dei Dati, pi\u00f9 specificamente il diritto all&#8217;accesso ai dati personali, la rettifica o cancellazione degli stessi, la limitazione del trattamento che ti riguarda o l\u2019opposizione al trattamento stesso e il diritto al reclamo presso una autorit\u00e0 di controllo. Potrai, in qualsiasi momento, <strong>esercitare i tuoi diritti<\/strong> scrivendo all&#8217;indirizzo di posta elettronica: <a href=\"mailto:privacy@fidal.it\">privacy@fidal.it<\/a><\/p>\n<p>Il sottoscritto____________________________________________________ codice fiscale_______________________________________________________________<\/p>\n<p>tesserato in qualit\u00e0 di__________________________________________\u00a0dichiara di avere preso visione della presente informativa.<\/p>\n<p>Firma del Tesserato (o di chi esercita la potest\u00e0 parentale)_________________________________________________________<\/p>\n<p>Previo tuo consenso, possiamo inviarti informazioni di natura commerciale e promozionale da parte di aziende terze con le quali la FIDAL ha rapporti di natura contrattuale. Il consenso per l\u2019utilizzo dei dati per questa finalit\u00e0 \u00e8 facoltativo, un eventuale rifiuto non avr\u00e0 conseguenza alcuna sulla richiesta di tesseramento. Potrai revocare in ogni momento il tuo consenso alla comunicazione dei dati, scrivendo all&#8217;indirizzo di posta elettronica: <a href=\"mailto:privacy@fidal.it\">privacy@fidal.it<\/a><\/p>\n<p>Il sottoscritto presta il consenso per l\u2019invio di informazioni di natura commerciale e promozionale da parte di aziende terze con le quali la FIDAL ha rapporti di natura contrattuale, in conformit\u00e0 a quanto stabilito dal Regolamento Europeo UE n. 679\/2016 e dal D.L. 196\/2003, cosi come adeguato al D.L. 101\/2018 in tema di protezione dei dati personali.<\/p>\n<p>&nbsp;<\/p>\n<p>Firma del Tesserato (o di chi esercita la potest\u00e0 parentale)______________________________________________ data______________________<\/p>\n<p><em>N.B. il presente modulo deve essere inserito in upload nell\u2019archivio federale sulla scheda del suddetto tesserato.<\/em>[\/vc_column_text][\/vc_column][\/vc_row][vc_row][vc_column][vc_empty_space height=&#8221;20px&#8221;][vc_btn title=&#8221;PDF Modulo Informativa&#8221; color=&#8221;vista-blue&#8221; align=&#8221;center&#8221; link=&#8221;url:http%3A%2F%2Fwww.reggiapower.it%2Fwp-content%2Fuploads%2F2019%2F02%2FModulo_informativa_trattamento_dati_personali.pdf||target:%20_blank|&#8221;][\/vc_column][\/vc_row][vc_row][vc_column][\/vc_column][\/vc_row]<\/p>\n","protected":false},"excerpt":{"rendered":"<p>[vc_row][vc_column][vc_empty_space][vc_column_text] &nbsp; INFORMATIVA PER IL TRATTAMENTO DEI DATI PERSONALI (ai sensi del regolamento UE n. 679\/2016) &nbsp; &#8220;Gentile Tesserato, con queste righe vogliamo darti le informazioni necessarie affinch\u00e9 tu sappia come sono trattati i tuoi dati personali. Il titolare del trattamento \u00e8 la Federazione Italiana di Atletica Leggera, sita in Viale Flaminia Nuova n\u00b0 830 [&hellip;]<\/p>\n","protected":false},"author":1,"featured_media":0,"parent":0,"menu_order":0,"comment_status":"closed","ping_status":"closed","template":"","meta":{"_bbp_topic_count":0,"_bbp_reply_count":0,"_bbp_total_topic_count":0,"_bbp_total_reply_count":0,"_bbp_voice_count":0,"_bbp_anonymous_reply_count":0,"_bbp_topic_count_hidden":0,"_bbp_reply_count_hidden":0,"_bbp_forum_subforum_count":0},"_links":{"self":[{"href":"http:\/\/www.reggiapower.it\/index.php?rest_route=\/wp\/v2\/pages\/2501"}],"collection":[{"href":"http:\/\/www.reggiapower.it\/index.php?rest_route=\/wp\/v2\/pages"}],"about":[{"href":"http:\/\/www.reggiapower.it\/index.php?rest_route=\/wp\/v2\/types\/page"}],"author":[{"embeddable":true,"href":"http:\/\/www.reggiapower.it\/index.php?rest_route=\/wp\/v2\/users\/1"}],"replies":[{"embeddable":true,"href":"http:\/\/www.reggiapower.it\/index.php?rest_route=%2Fwp%2Fv2%2Fcomments&post=2501"}],"version-history":[{"count":9,"href":"http:\/\/www.reggiapower.it\/index.php?rest_route=\/wp\/v2\/pages\/2501\/revisions"}],"predecessor-version":[{"id":2765,"href":"http:\/\/www.reggiapower.it\/index.php?rest_route=\/wp\/v2\/pages\/2501\/revisions\/2765"}],"wp:attachment":[{"href":"http:\/\/www.reggiapower.it\/index.php?rest_route=%2Fwp%2Fv2%2Fmedia&parent=2501"}],"curies":[{"name":"wp","href":"https:\/\/api.w.org\/{rel}","templated":true}]}}